{"id":845,"date":"2018-06-28T17:09:27","date_gmt":"2018-06-28T20:09:27","guid":{"rendered":"https:\/\/des-crr.infd.edu.ar\/sitio\/autoridades\/"},"modified":"2022-04-09T16:29:31","modified_gmt":"2022-04-09T19:29:31","slug":"autoridades","status":"publish","type":"page","link":"https:\/\/des-crr.infd.edu.ar\/sitio\/autoridades\/","title":{"rendered":"Autoridades"},"content":{"rendered":"<h5 style=\"text-align: center;\">Lic. Pr\u00e1xedes Ytat\u00ed L\u00f3pez<br \/>\nMinistra de Educaci\u00f3n<\/h5>\n<h5 style=\"text-align: center;\"><span style=\"font-size: 14pt;\"><strong><span style=\"font-family: arial, helvetica, sans-serif; color: #cc6600;\"><span style=\"font-family: 'Trebuchet MS', Calibri, sans-serif; color: #000000;\">Lic. Graciela Nilda Yaya<br \/>\nDirectora de Nivel Superior<br \/>\n<\/span><\/span><\/strong><\/span><\/h5>\n<p style=\"text-align: center;\"><span style=\"font-size: 14pt;\"><strong>\u00a0<\/strong><\/span><\/p>\n","protected":false},"excerpt":{"rendered":"<p>Lic. Pr\u00e1xedes Ytat\u00ed L\u00f3pez Ministra de Educaci\u00f3n Lic. Graciela Nilda Yaya Directora de Nivel Superior \u00a0<\/p>\n","protected":false},"author":215,"featured_media":0,"parent":0,"menu_order":0,"comment_status":"closed","ping_status":"closed","template":"","meta":[],"acf":[],"_links":{"self":[{"href":"https:\/\/des-crr.infd.edu.ar\/sitio\/wp-json\/wp\/v2\/pages\/845"}],"collection":[{"href":"https:\/\/des-crr.infd.edu.ar\/sitio\/wp-json\/wp\/v2\/pages"}],"about":[{"href":"https:\/\/des-crr.infd.edu.ar\/sitio\/wp-json\/wp\/v2\/types\/page"}],"author":[{"embeddable":true,"href":"https:\/\/des-crr.infd.edu.ar\/sitio\/wp-json\/wp\/v2\/users\/215"}],"replies":[{"embeddable":true,"href":"https:\/\/des-crr.infd.edu.ar\/sitio\/wp-json\/wp\/v2\/comments?post=845"}],"version-history":[{"count":3,"href":"https:\/\/des-crr.infd.edu.ar\/sitio\/wp-json\/wp\/v2\/pages\/845\/revisions"}],"predecessor-version":[{"id":982,"href":"https:\/\/des-crr.infd.edu.ar\/sitio\/wp-json\/wp\/v2\/pages\/845\/revisions\/982"}],"wp:attachment":[{"href":"https:\/\/des-crr.infd.edu.ar\/sitio\/wp-json\/wp\/v2\/media?parent=845"}],"curies":[{"name":"wp","href":"https:\/\/api.w.org\/{rel}","templated":true}]}}